{"id":18,"date":"2019-12-08T17:00:45","date_gmt":"2019-12-08T17:00:45","guid":{"rendered":"https:\/\/kiirga.ch\/?page_id=18"},"modified":"2019-12-22T17:08:16","modified_gmt":"2019-12-22T17:08:16","slug":"ueber-uns","status":"publish","type":"page","link":"https:\/\/kiirga.ch\/index.php\/ueber-uns\/","title":{"rendered":"Das Team"},"content":{"rendered":"\n<h2 class=\"wp-block-heading\">Axel<\/h2>\n\n\n\n<div class=\"wp-block-columns are-vertically-aligned-center is-layout-flex wp-container-core-columns-is-layout-9d6595d7 wp-block-columns-is-layout-flex\">\n<div class=\"wp-block-column is-vertically-aligned-center is-layout-flow wp-block-column-is-layout-flow\" style=\"flex-basis:15%\">\n<div class=\"wp-block-image is-style-default\"><figure class=\"alignleft size-large is-resized\"><img decoding=\"async\" src=\"https:\/\/kiirga.ch\/wp-content\/uploads\/2019\/12\/axel-sw-\u00fcberzeichnet.jpg\" alt=\"\" class=\"wp-image-152\" width=\"200\" srcset=\"https:\/\/kiirga.ch\/wp-content\/uploads\/2019\/12\/axel-sw-\u00fcberzeichnet.jpg 799w, https:\/\/kiirga.ch\/wp-content\/uploads\/2019\/12\/axel-sw-\u00fcberzeichnet-300x300.jpg 300w, https:\/\/kiirga.ch\/wp-content\/uploads\/2019\/12\/axel-sw-\u00fcberzeichnet-150x150.jpg 150w, https:\/\/kiirga.ch\/wp-content\/uploads\/2019\/12\/axel-sw-\u00fcberzeichnet-768x769.jpg 768w\" sizes=\"(max-width: 799px) 100vw, 799px\" \/><\/figure><\/div>\n<\/div>\n\n\n\n<div class=\"wp-block-column is-vertically-aligned-center is-layout-flow wp-block-column-is-layout-flow\" style=\"flex-basis:85%\">\n<p class=\"has-medium-font-size\"> Passion f\u00fcr Holz mit seiner Geschichte und Funktion zu Neuem formen und f\u00fcr neue Aufgaben wiederverwenden. Holz mit anderen Materialien verbinden und so Neues schaffen. <\/p>\n<\/div>\n<\/div>\n\n\n\n<h2 class=\"wp-block-heading\">Robin<\/h2>\n\n\n\n<div class=\"wp-block-columns is-layout-flex wp-container-core-columns-is-layout-9d6595d7 wp-block-columns-is-layout-flex\">\n<div class=\"wp-block-column is-vertically-aligned-center is-layout-flow wp-block-column-is-layout-flow\" style=\"flex-basis:85%\">\n<p class=\"has-text-align-left has-medium-font-size\">Eisen und Aluminium formen liegt in seinen H\u00e4nden. Konstruieren, r\u00e4umliche Vorstellungskraft, Funktionalit\u00e4t mit Eleganz verbinden. Industriedesign ist sein Handwerkes. <\/p>\n<\/div>\n\n\n\n<div class=\"wp-block-column is-vertically-aligned-center is-layout-flow wp-block-column-is-layout-flow\" style=\"flex-basis:15%\">\n<figure class=\"wp-block-image size-large is-resized\"><img decoding=\"async\" src=\"https:\/\/kiirga.ch\/wp-content\/uploads\/2019\/12\/robin-sw-\u00fcberzeichnet.jpg\" alt=\"\" class=\"wp-image-151\" width=\"200\" srcset=\"https:\/\/kiirga.ch\/wp-content\/uploads\/2019\/12\/robin-sw-\u00fcberzeichnet.jpg 799w, https:\/\/kiirga.ch\/wp-content\/uploads\/2019\/12\/robin-sw-\u00fcberzeichnet-300x300.jpg 300w, https:\/\/kiirga.ch\/wp-content\/uploads\/2019\/12\/robin-sw-\u00fcberzeichnet-150x150.jpg 150w, https:\/\/kiirga.ch\/wp-content\/uploads\/2019\/12\/robin-sw-\u00fcberzeichnet-768x769.jpg 768w\" sizes=\"(max-width: 799px) 100vw, 799px\" \/><\/figure>\n<\/div>\n<\/div>\n\n\n\n<h2 class=\"wp-block-heading\">Rainer<\/h2>\n\n\n\n<div class=\"wp-block-columns are-vertically-aligned-center is-layout-flex wp-container-core-columns-is-layout-9d6595d7 wp-block-columns-is-layout-flex\">\n<div class=\"wp-block-column is-vertically-aligned-center is-layout-flow wp-block-column-is-layout-flow\" style=\"flex-basis:15%\">\n<div class=\"wp-block-image is-style-default\"><figure class=\"alignleft size-large is-resized\"><img decoding=\"async\" src=\"https:\/\/kiirga.ch\/wp-content\/uploads\/2019\/12\/rainer-sw.jpg\" alt=\"\" class=\"wp-image-150\" width=\"200\" srcset=\"https:\/\/kiirga.ch\/wp-content\/uploads\/2019\/12\/rainer-sw.jpg 799w, https:\/\/kiirga.ch\/wp-content\/uploads\/2019\/12\/rainer-sw-300x300.jpg 300w, https:\/\/kiirga.ch\/wp-content\/uploads\/2019\/12\/rainer-sw-150x150.jpg 150w, https:\/\/kiirga.ch\/wp-content\/uploads\/2019\/12\/rainer-sw-768x769.jpg 768w\" sizes=\"(max-width: 799px) 100vw, 799px\" \/><\/figure><\/div>\n<\/div>\n\n\n\n<div class=\"wp-block-column is-vertically-aligned-center is-layout-flow wp-block-column-is-layout-flow\" style=\"flex-basis:85%\">\n<p class=\"has-medium-font-size\">Natur und Technik begeistern ihn. Struktur und Organisation einzusetzen, um Komplexit\u00e4t zu beherrschen treiben ihn an. <\/p>\n\n\n\n<p class=\"has-medium-font-size\">F\u00fcr ihn muss sich ein Design auf elegante und \u00e4sthetische Art nat\u00fcrlich in die Umgebung einf\u00fcgen.  <\/p>\n<\/div>\n<\/div>\n\n\n\n<div class=\"wp-block-group\"><div class=\"wp-block-group__inner-container is-layout-flow wp-block-group-is-layout-flow\">\n<h2 class=\"wp-block-heading\">Das Team<\/h2>\n\n\n\n<p class=\"has-medium-font-size\">Ein erfolgreiches Team lebt von Diversit\u00e4t. F\u00e4higkeiten, Interesse und Erfahrungen variieren im Team sehr stark. <\/p>\n\n\n\n<div class=\"wp-block-image\"><figure class=\"aligncenter size-large\"><img loading=\"lazy\" decoding=\"async\" width=\"799\" height=\"800\" src=\"https:\/\/kiirga.ch\/wp-content\/uploads\/2019\/12\/team2-sw.jpg\" alt=\"\" class=\"wp-image-146\" srcset=\"https:\/\/kiirga.ch\/wp-content\/uploads\/2019\/12\/team2-sw.jpg 799w, https:\/\/kiirga.ch\/wp-content\/uploads\/2019\/12\/team2-sw-300x300.jpg 300w, https:\/\/kiirga.ch\/wp-content\/uploads\/2019\/12\/team2-sw-150x150.jpg 150w, https:\/\/kiirga.ch\/wp-content\/uploads\/2019\/12\/team2-sw-768x769.jpg 768w\" sizes=\"auto, (max-width: 799px) 100vw, 799px\" \/><\/figure><\/div>\n<\/div><\/div>\n\n\n\n<p class=\"has-medium-font-size\">Ein langer gemeinsamer Weg und Vertrauen\u00a0 sind die Basis. Kiirga reifte aus einer einfachen Idee. Chance und Zufall standen Pate.<\/p>\n","protected":false},"excerpt":{"rendered":"<p>Axel Passion f\u00fcr Holz mit seiner Geschichte und Funktion zu Neuem formen und f\u00fcr neue Aufgaben wiederverwenden. Holz mit anderen Materialien verbinden und so Neues schaffen. Robin Eisen und Aluminium formen liegt in seinen H\u00e4nden. Konstruieren, r\u00e4umliche Vorstellungskraft, Funktionalit\u00e4t mit Eleganz verbinden. Industriedesign ist sein Handwerkes. Rainer Natur und Technik begeistern ihn. Struktur und Organisation einzusetzen, um Komplexit\u00e4t zu beherrschen treiben ihn an. F\u00fcr ihn muss sich ein Design auf elegante und \u00e4sthetische Art nat\u00fcrlich in die Umgebung einf\u00fcgen. Das Team Ein erfolgreiches Team lebt von Diversit\u00e4t. F\u00e4higkeiten, Interesse und Erfahrungen variieren im Team sehr stark. Ein langer gemeinsamer Weg und Vertrauen\u00a0 sind die Basis. Kiirga reifte aus einer einfachen Idee. Chance und Zufall standen Pate.<\/p>\n","protected":false},"author":3,"featured_media":48,"parent":0,"menu_order":5,"comment_status":"closed","ping_status":"closed","template":"","meta":{"footnotes":""},"class_list":["post-18","page","type-page","status-publish","has-post-thumbnail"],"_links":{"self":[{"href":"https:\/\/kiirga.ch\/index.php\/wp-json\/wp\/v2\/pages\/18","targetHints":{"allow":["GET"]}}],"collection":[{"href":"https:\/\/kiirga.ch\/index.php\/wp-json\/wp\/v2\/pages"}],"about":[{"href":"https:\/\/kiirga.ch\/index.php\/wp-json\/wp\/v2\/types\/page"}],"author":[{"embeddable":true,"href":"https:\/\/kiirga.ch\/index.php\/wp-json\/wp\/v2\/users\/3"}],"replies":[{"embeddable":true,"href":"https:\/\/kiirga.ch\/index.php\/wp-json\/wp\/v2\/comments?post=18"}],"version-history":[{"count":25,"href":"https:\/\/kiirga.ch\/index.php\/wp-json\/wp\/v2\/pages\/18\/revisions"}],"predecessor-version":[{"id":160,"href":"https:\/\/kiirga.ch\/index.php\/wp-json\/wp\/v2\/pages\/18\/revisions\/160"}],"wp:featuredmedia":[{"embeddable":true,"href":"https:\/\/kiirga.ch\/index.php\/wp-json\/wp\/v2\/media\/48"}],"wp:attachment":[{"href":"https:\/\/kiirga.ch\/index.php\/wp-json\/wp\/v2\/media?parent=18"}],"curies":[{"name":"wp","href":"https:\/\/api.w.org\/{rel}","templated":true}]}}