{"id":119,"date":"2019-12-15T11:22:33","date_gmt":"2019-12-15T11:22:33","guid":{"rendered":"https:\/\/kiirga.ch\/?page_id=119"},"modified":"2019-12-25T14:49:36","modified_gmt":"2019-12-25T14:49:36","slug":"technik","status":"publish","type":"page","link":"https:\/\/kiirga.ch\/index.php\/technik\/","title":{"rendered":"Technology"},"content":{"rendered":"\n<h2 class=\"wp-block-heading\">LED<\/h2>\n\n\n\n<p class=\"has-background has-medium-font-size has-very-light-gray-background-color\">LED Technologie ist der Kern der KiirgaLog Technology. <\/p>\n\n\n\n<p class=\"has-background has-medium-font-size has-very-light-gray-background-color\">LED ist die Bezeichnung f\u00fcr eine Licht emittierende Diode (siehe etwa <a href=\"https:\/\/de.wikipedia.org\/wiki\/Leuchtdiode\">Wikpedia Leuchtdiode<\/a>). Leuchtdioden sind sogenannte direkte Halbleiter, bei denen ein Elektron beim \u00dcbergang vom Leitungsband zum Valenzband ein Photon aussendet. Die Gr\u00f6sse der &#8222;Bandl\u00fccke&#8220; bestimmt die Energie, das heisst die Frequenz beziehungsweise die Farbe des Lichtes.<\/p>\n\n\n\n<div class=\"wp-block-columns is-layout-flex wp-container-core-columns-is-layout-9d6595d7 wp-block-columns-is-layout-flex\">\n<div class=\"wp-block-column is-layout-flow wp-block-column-is-layout-flow\" style=\"flex-basis:25%\">\n<div class=\"wp-block-image\"><figure class=\"aligncenter size-large is-resized\"><img loading=\"lazy\" decoding=\"async\" src=\"https:\/\/kiirga.ch\/wp-content\/uploads\/2019\/12\/RGB-SMD-LED.jpg\" alt=\"RGB SMD LED\" class=\"wp-image-234\" width=\"183\" height=\"183\" srcset=\"https:\/\/kiirga.ch\/wp-content\/uploads\/2019\/12\/RGB-SMD-LED.jpg 731w, https:\/\/kiirga.ch\/wp-content\/uploads\/2019\/12\/RGB-SMD-LED-300x300.jpg 300w, https:\/\/kiirga.ch\/wp-content\/uploads\/2019\/12\/RGB-SMD-LED-150x150.jpg 150w\" sizes=\"auto, (max-width: 183px) 100vw, 183px\" \/><figcaption>RGB Gruppe an Leuchtdioden. Quelle: Sven Killig, 1. Februar 2009, selbst fotografiert, Lizenz: <a href=\"https:\/\/en.wikipedia.org\/wiki\/de:Creative_Commons\">Creative-Commons<\/a><\/figcaption><\/figure><\/div>\n<\/div>\n\n\n\n<div class=\"wp-block-column is-layout-flow wp-block-column-is-layout-flow\" style=\"flex-basis:66.66%\">\n<p class=\"has-medium-font-size\">Da die Farbe einer Leuchtdiode durch die Bandl\u00fccke bestimmt ist, bedarf es mehrer Leuchtdioden mit verschiedenen Bandl\u00fccken, um verschiedene Farben zu erzeugen. Dies wird durch den Einsatz unterschiedlicher Halbleiter Kristalle in der Leuchtdiode erreicht. <\/p>\n\n\n\n<p class=\"has-medium-font-size\">In farbigen LED Leuchtmitteln findet sich eine Vielzahl von Gruppen an Leuchtdioden. Eine Gruppe (siehe Bild) besteht aus einem definierten Set an Dioden der RGB (Rot, Gelb, Blau) Farbewerte. Durch eine unterschiedliche Ansteuerung der einzelnen Dioden in der Gruppe kann somit aus den RGB Farbanteilen jede Farbe und Helligkeit erzeugt werden. In vielen Leuchtmittels wird zudem zus\u00e4tzlich eine weisse Leuchtdiode verbaut, welche einer zus\u00e4tzliche Leuchtkraft dient.<\/p>\n\n\n\n<p class=\"has-medium-font-size\"> Die Lebensdauer von Leuchtdioden betr\u00e4gt heutzutage etwa 50&#8217;000 Stunden, das sind 5.7 Jahre bei ununterbrochenem Einsatz. Im Gegensatz zu einer Gl\u00fchlampe l\u00e4sst die Leuchtkraft mit der Zeit nach. Nach der vom Hersteller angegebenen Lebensdauer sinkt sie auf zirka 70%. Ein kompletter Ausfall ist selten <\/p>\n<\/div>\n<\/div>\n\n\n\n<p class=\"has-medium-font-size\">Der Ausfall eines LED Leuchtmittels hat seine Ursache zumeist in der Ansteuerung der Leuchtdiode, also in der Elektronik. Der Trend zu immer kleineren Bauteilen zusammen mit dem hohen Preisdruck im Markt haben negative Auswirkung auf die Robustheit. Daher empfehlen wir den Einsatz h\u00f6herwertiger Produkte. Bei diesen Produkten kommen h\u00f6herwertige Bauteile der Elektronik zur Ansteuerung der Leuchtdiode zum Einsatz, was typisch zu einer h\u00f6heren mittleren Anzahl an Schaltvorg\u00e4ngen des Leuchtmittels beitr\u00e4gt.<\/p>\n\n\n\n<h2 class=\"wp-block-heading\">Ansteuerung der Leuchtmittel<\/h2>\n\n\n\n<p class=\"has-medium-font-size\">Die Ansteuerung der Leuchtmittel besteht im Prinzip aus drei Elementen<\/p>\n\n\n\n<ul class=\"fontSize=medium wp-block-list\"><li>Die Elektronik zur Ansteuerung der Leuchtdioden, die im Leuchtmittel verbaut ist<\/li><li>Das Kommunikationsprotokoll zum \u00dcbertragen der Steuerbefehle<\/li><li>Der Controller Anwendung (eine Software) beziehungsweise ein Controller (ein Schalter oder \u00e4hnliches Steuerger\u00e4t), welcher die Steuerbefehle erzeugt.<\/li><\/ul>\n\n\n\n<p><\/p>\n","protected":false},"excerpt":{"rendered":"<p>LED LED Technologie ist der Kern der KiirgaLog Technology. LED ist die Bezeichnung f\u00fcr eine Licht emittierende Diode (siehe etwa Wikpedia Leuchtdiode). Leuchtdioden sind sogenannte direkte Halbleiter, bei denen ein Elektron beim \u00dcbergang vom Leitungsband zum Valenzband ein Photon aussendet. Die Gr\u00f6sse der &#8222;Bandl\u00fccke&#8220; bestimmt die Energie, das heisst die Frequenz beziehungsweise die Farbe des Lichtes. Da die Farbe einer Leuchtdiode durch die Bandl\u00fccke bestimmt ist, bedarf es mehrer Leuchtdioden mit verschiedenen Bandl\u00fccken, um verschiedene Farben zu erzeugen. Dies wird durch den Einsatz unterschiedlicher Halbleiter Kristalle in der Leuchtdiode erreicht. In farbigen LED Leuchtmitteln findet sich eine Vielzahl von Gruppen an Leuchtdioden. Eine Gruppe (siehe Bild) besteht aus einem definierten Set an Dioden der RGB (Rot, Gelb, Blau) Farbewerte. Durch eine unterschiedliche Ansteuerung der einzelnen Dioden in der Gruppe kann somit aus den RGB Farbanteilen jede Farbe und Helligkeit erzeugt werden. In vielen Leuchtmittels wird zudem zus\u00e4tzlich eine weisse Leuchtdiode&hellip;<\/p>\n<p> <a class=\"more-link\" href=\"https:\/\/kiirga.ch\/index.php\/technik\/\">Weiterlesen<\/a><\/p>\n","protected":false},"author":3,"featured_media":66,"parent":0,"menu_order":0,"comment_status":"closed","ping_status":"closed","template":"","meta":{"footnotes":""},"class_list":["post-119","page","type-page","status-publish","has-post-thumbnail"],"_links":{"self":[{"href":"https:\/\/kiirga.ch\/index.php\/wp-json\/wp\/v2\/pages\/119","targetHints":{"allow":["GET"]}}],"collection":[{"href":"https:\/\/kiirga.ch\/index.php\/wp-json\/wp\/v2\/pages"}],"about":[{"href":"https:\/\/kiirga.ch\/index.php\/wp-json\/wp\/v2\/types\/page"}],"author":[{"embeddable":true,"href":"https:\/\/kiirga.ch\/index.php\/wp-json\/wp\/v2\/users\/3"}],"replies":[{"embeddable":true,"href":"https:\/\/kiirga.ch\/index.php\/wp-json\/wp\/v2\/comments?post=119"}],"version-history":[{"count":20,"href":"https:\/\/kiirga.ch\/index.php\/wp-json\/wp\/v2\/pages\/119\/revisions"}],"predecessor-version":[{"id":253,"href":"https:\/\/kiirga.ch\/index.php\/wp-json\/wp\/v2\/pages\/119\/revisions\/253"}],"wp:featuredmedia":[{"embeddable":true,"href":"https:\/\/kiirga.ch\/index.php\/wp-json\/wp\/v2\/media\/66"}],"wp:attachment":[{"href":"https:\/\/kiirga.ch\/index.php\/wp-json\/wp\/v2\/media?parent=119"}],"curies":[{"name":"wp","href":"https:\/\/api.w.org\/{rel}","templated":true}]}}