{"id":113,"date":"2019-12-15T11:14:19","date_gmt":"2019-12-15T11:14:19","guid":{"rendered":"https:\/\/kiirga.ch\/?page_id=113"},"modified":"2019-12-25T13:09:06","modified_gmt":"2019-12-25T13:09:06","slug":"product","status":"publish","type":"page","link":"https:\/\/kiirga.ch\/index.php\/product\/","title":{"rendered":"Das Produkt"},"content":{"rendered":"\n<h2 class=\"wp-block-heading\">Der KiirgaLog<\/h2>\n\n\n\n<div class=\"wp-block-group\"><div class=\"wp-block-group__inner-container is-layout-flow wp-block-group-is-layout-flow\">\n<div class=\"wp-block-media-text alignwide is-stacked-on-mobile\" style=\"grid-template-columns:35% auto\"><figure class=\"wp-block-media-text__media\"><img loading=\"lazy\" decoding=\"async\" width=\"545\" height=\"800\" src=\"https:\/\/kiirga.ch\/wp-content\/uploads\/2019\/12\/wohnen-farb-1.jpg\" alt=\"\" class=\"wp-image-166\" srcset=\"https:\/\/kiirga.ch\/wp-content\/uploads\/2019\/12\/wohnen-farb-1.jpg 545w, https:\/\/kiirga.ch\/wp-content\/uploads\/2019\/12\/wohnen-farb-1-204x300.jpg 204w\" sizes=\"auto, (max-width: 545px) 100vw, 545px\" \/><\/figure><div class=\"wp-block-media-text__content\">\n<p class=\"has-medium-font-size\">Jeder KiirgaLog ist ein Unikat. Der Kern des KiirgaLog ist das Log. Wikipedia definiert den englischen Begriff des Log als  &#8222;the stem and main wooden axis of a tree, called logs when cut&#8220;.<\/p>\n\n\n\n<figure class=\"wp-block-image size-large is-resized\"><img loading=\"lazy\" decoding=\"async\" src=\"https:\/\/kiirga.ch\/wp-content\/uploads\/2019\/12\/holz-sw.jpg\" alt=\"\" class=\"wp-image-162\" width=\"206\" height=\"206\" srcset=\"https:\/\/kiirga.ch\/wp-content\/uploads\/2019\/12\/holz-sw.jpg 799w, https:\/\/kiirga.ch\/wp-content\/uploads\/2019\/12\/holz-sw-300x300.jpg 300w, https:\/\/kiirga.ch\/wp-content\/uploads\/2019\/12\/holz-sw-150x150.jpg 150w, https:\/\/kiirga.ch\/wp-content\/uploads\/2019\/12\/holz-sw-768x769.jpg 768w\" sizes=\"auto, (max-width: 206px) 100vw, 206px\" \/><\/figure>\n\n\n\n<p class=\"has-medium-font-size\">Wir selektieren das Log f\u00fcr KiirgaLog  sorgf\u00e4ltig aus. Das Holz muss hohen und vielf\u00e4ltigen Anspr\u00fcchen entsprechen. Wesentlich und Grundvoraussetzung ist selbstverst\u00e4ndlich die nat\u00fcrliche Optik und Maserung des Holzes, welche KiirgaLog seinen einzigartigen Charakter verleiht. <\/p>\n\n\n\n<p class=\"has-medium-font-size\">Neben der Optik sind jedoch auch weitere Eigenschaften des Log elementar. Das Holz muss zum Beispiel ausgereift sein. Nat\u00fcrliches Holz arbeitet best\u00e4ndig mit der Witterung, Luftfeuchtigkeit und anderen Umgebungsbedingungen. Ausgereiftes Holz ist hier jedoch viel weniger aktiv als ein frisch geschlagener Balken.<\/p>\n<\/div><\/div>\n<\/div><\/div>\n\n\n\n<p class=\"has-medium-font-size\">Die Herkunft des Log sind eine bewusste Auswahl von H\u00e4ndlern und Lieferanten. Die Garantie f\u00fcr eine einwandfreie Verwendung des Holzes im Innenraum von Wohnungen muss gegeben sein. Die Grundlagen dazu bilden zum Beispiel die SIA Normen oder die Qualit\u00e4tskriterien f\u00fcr Holz- und Holzwerkstoffe im Bau und Ausbau.<\/p>\n\n\n\n<p class=\"has-medium-font-size\">Zudem bieten wir Ihnen als Kunde von Kiirga Alternativen f\u00fcr die Wahl des Holztyps, die L\u00e4nge des Logs und &#8211; in Grenzen &#8211; die ungef\u00e4hren Ausmasse. Nach Ihren Angaben suchen wir bei unseren Lieferanten und Quellen den geeigneten Log.<\/p>\n\n\n\n<h2 class=\"wp-block-heading\">Die Konstruktion<\/h2>\n\n\n\n<div class=\"wp-block-media-text alignwide has-media-on-the-right is-stacked-on-mobile\" style=\"grid-template-columns:auto 42%\"><figure class=\"wp-block-media-text__media\"><img loading=\"lazy\" decoding=\"async\" width=\"800\" height=\"451\" src=\"https:\/\/kiirga.ch\/wp-content\/uploads\/2019\/12\/fuss-sw.jpg\" alt=\"\" class=\"wp-image-161\" srcset=\"https:\/\/kiirga.ch\/wp-content\/uploads\/2019\/12\/fuss-sw.jpg 800w, https:\/\/kiirga.ch\/wp-content\/uploads\/2019\/12\/fuss-sw-300x169.jpg 300w, https:\/\/kiirga.ch\/wp-content\/uploads\/2019\/12\/fuss-sw-768x433.jpg 768w\" sizes=\"auto, (max-width: 800px) 100vw, 800px\" \/><\/figure><div class=\"wp-block-media-text__content\">\n<p class=\"has-medium-font-size\">Die Konstruktion des Fusses ist auf die Eigenschaften des Log abgestimmt.  Wir weigern uns das Log zu s\u00e4gen oder zu schneiden, um es in eine standardisierte Fassung einzubauen. <\/p>\n\n\n\n<p class=\"has-medium-font-size\">Die spezielle CAD-Konstruktion des Fusses l\u00e4sst dem Log seine Freiheit und gegebene Form und fasst es dennoch zuverl\u00e4ssig, sicher und optisch ausgerichtet. Zudem nimmt der Fuss unauff\u00e4llig die Elektronik f\u00fcr die LED Installation auf.  <\/p>\n\n\n\n<p class=\"has-medium-font-size\">Wie f\u00fcr den Log selbst bestehen hier ebenfalls im Rahmen der Sicherheit der Konstruktion viele Optionen in der Gestaltung des Fusses. <\/p>\n<\/div><\/div>\n\n\n\n<p class=\"has-medium-font-size\"> Als Material bieten sich Aluminium, Stahl oder Holz an. Jedes der Materialien hat seine speziellen Eigenschaften und M\u00f6glichkeiten des optischen Finish.  Aluminium ist geeignet f\u00fcr Hochglanz oder geb\u00fcrstete Optik. Stahl bietet eine rustikale Optik, auf Wunsch auch mit deutlich sichtbaren Schweissn\u00e4hten oder Werkstatt \u00e4hnlichen Lackierungen. Holz als Fuss ist etwas massiver in der Gestaltung und bedarf einer abweichenden Konstruktion der Fassung des Log.<\/p>\n\n\n\n<div class=\"wp-block-media-text alignwide is-stacked-on-mobile\" style=\"grid-template-columns:21% auto\"><figure class=\"wp-block-media-text__media\"><img loading=\"lazy\" decoding=\"async\" width=\"798\" height=\"800\" src=\"https:\/\/kiirga.ch\/wp-content\/uploads\/2019\/12\/schraube-sw-1.jpg\" alt=\"\" class=\"wp-image-164\" srcset=\"https:\/\/kiirga.ch\/wp-content\/uploads\/2019\/12\/schraube-sw-1.jpg 798w, https:\/\/kiirga.ch\/wp-content\/uploads\/2019\/12\/schraube-sw-1-300x300.jpg 300w, https:\/\/kiirga.ch\/wp-content\/uploads\/2019\/12\/schraube-sw-1-150x150.jpg 150w, https:\/\/kiirga.ch\/wp-content\/uploads\/2019\/12\/schraube-sw-1-768x770.jpg 768w\" sizes=\"auto, (max-width: 798px) 100vw, 798px\" \/><\/figure><div class=\"wp-block-media-text__content\">\n<p class=\"has-medium-font-size\">Sind Fassung und Fuss des Log aus Stahl oder Aluminium, so bestehen diese aus aufeinander abgestimmten NC-gefr\u00e4ssten Elementen. Die eigens entwickelte Schraubenverbindung ergibt das elegante Design bei optimaler Funktionalit\u00e4t der optische Ausrichtung des Log.<\/p>\n\n\n\n<p class=\"has-medium-font-size\">Holz als Werkstoff f\u00fcr Fassung und Fuss verlangt aufgrund seiner Eigenschaften  nach einer eigene Konstruktion. Diese ist massiver in der Optik, und betont noch st\u00e4rker das Industriedesign des KiirgaLog.<\/p>\n<\/div><\/div>\n\n\n\n<h2 class=\"wp-block-heading\">Das Licht<\/h2>\n\n\n\n<div class=\"wp-block-media-text alignwide is-stacked-on-mobile\" style=\"grid-template-columns:29% auto\"><figure class=\"wp-block-media-text__media\"><img loading=\"lazy\" decoding=\"async\" width=\"465\" height=\"800\" src=\"https:\/\/kiirga.ch\/wp-content\/uploads\/2019\/12\/detail2-sw.jpg\" alt=\"\" class=\"wp-image-168\" srcset=\"https:\/\/kiirga.ch\/wp-content\/uploads\/2019\/12\/detail2-sw.jpg 465w, https:\/\/kiirga.ch\/wp-content\/uploads\/2019\/12\/detail2-sw-174x300.jpg 174w\" sizes=\"auto, (max-width: 465px) 100vw, 465px\" \/><\/figure><div class=\"wp-block-media-text__content\">\n<p class=\"has-medium-font-size\">LED Technologie erlaubt vollkommen neue Lichtdesigns durch Befreiung von den drei Einschr\u00e4nkungen der Form, der Farbe und der Ansteuerung.<\/p>\n\n\n\n<p class=\"has-medium-font-size\">Moderne LED Leuchtmittel sind in alle denkbaren Formen verarbeitbar. so existiert f\u00fcr jeden Typ von Fassung mittlerweile ein geeignetes Leuchtmittel. Zudem bieten Leuchtstreifen und transparent darauf abgestimmte Abdeckungen dynamische Designs mit geschwungenen Formen.<\/p>\n\n\n\n<p class=\"has-medium-font-size\">Im KiirgaLog verwenden wir RGBW Leuchtstreifen, vorzugsweise nach dem ZigBee Standard. Mit RGBW Leuchstreifen sind individuelle Farbeinstellungen eine Selbstverst\u00e4ndlichkeit. Je nach Ansteuerungsvariante mit einem oder zwei unabh\u00e4ngigen Streifen k\u00f6nnen vielf\u00e4ltige und vordefinierte Stimmungen im Wohndesign erreicht werden.<\/p>\n\n\n\n<p class=\"has-medium-font-size\">Zur Ansteuerung empfehlen wir Produkte der Hersteller Philips, Osram und Innr, die qualitativ hochwertige Produkte anbieten. Der ZigBee Standard erlaubt die individuelle Konfiguration des KiirgLog und Ansteuerung \u00fcber das Smartphone oder \u00fcber mobile Schalter. <\/p>\n<\/div><\/div>\n\n\n\n<p><\/p>\n","protected":false},"excerpt":{"rendered":"<p>Der KiirgaLog Jeder KiirgaLog ist ein Unikat. Der Kern des KiirgaLog ist das Log. Wikipedia definiert den englischen Begriff des Log als &#8222;the stem and main wooden axis of a tree, called logs when cut&#8220;. Wir selektieren das Log f\u00fcr KiirgaLog sorgf\u00e4ltig aus. Das Holz muss hohen und vielf\u00e4ltigen Anspr\u00fcchen entsprechen. Wesentlich und Grundvoraussetzung ist selbstverst\u00e4ndlich die nat\u00fcrliche Optik und Maserung des Holzes, welche KiirgaLog seinen einzigartigen Charakter verleiht. Neben der Optik sind jedoch auch weitere Eigenschaften des Log elementar. Das Holz muss zum Beispiel ausgereift sein. Nat\u00fcrliches Holz arbeitet best\u00e4ndig mit der Witterung, Luftfeuchtigkeit und anderen Umgebungsbedingungen. Ausgereiftes Holz ist hier jedoch viel weniger aktiv als ein frisch geschlagener Balken. Die Herkunft des Log sind eine bewusste Auswahl von H\u00e4ndlern und Lieferanten. Die Garantie f\u00fcr eine einwandfreie Verwendung des Holzes im Innenraum von Wohnungen muss gegeben sein. Die Grundlagen dazu bilden zum Beispiel die SIA Normen oder die Qualit\u00e4tskriterien&hellip;<\/p>\n<p> <a class=\"more-link\" href=\"https:\/\/kiirga.ch\/index.php\/product\/\">Weiterlesen<\/a><\/p>\n","protected":false},"author":3,"featured_media":66,"parent":0,"menu_order":2,"comment_status":"closed","ping_status":"closed","template":"","meta":{"footnotes":""},"class_list":["post-113","page","type-page","status-publish","has-post-thumbnail"],"_links":{"self":[{"href":"https:\/\/kiirga.ch\/index.php\/wp-json\/wp\/v2\/pages\/113","targetHints":{"allow":["GET"]}}],"collection":[{"href":"https:\/\/kiirga.ch\/index.php\/wp-json\/wp\/v2\/pages"}],"about":[{"href":"https:\/\/kiirga.ch\/index.php\/wp-json\/wp\/v2\/types\/page"}],"author":[{"embeddable":true,"href":"https:\/\/kiirga.ch\/index.php\/wp-json\/wp\/v2\/users\/3"}],"replies":[{"embeddable":true,"href":"https:\/\/kiirga.ch\/index.php\/wp-json\/wp\/v2\/comments?post=113"}],"version-history":[{"count":33,"href":"https:\/\/kiirga.ch\/index.php\/wp-json\/wp\/v2\/pages\/113\/revisions"}],"predecessor-version":[{"id":231,"href":"https:\/\/kiirga.ch\/index.php\/wp-json\/wp\/v2\/pages\/113\/revisions\/231"}],"wp:featuredmedia":[{"embeddable":true,"href":"https:\/\/kiirga.ch\/index.php\/wp-json\/wp\/v2\/media\/66"}],"wp:attachment":[{"href":"https:\/\/kiirga.ch\/index.php\/wp-json\/wp\/v2\/media?parent=113"}],"curies":[{"name":"wp","href":"https:\/\/api.w.org\/{rel}","templated":true}]}}